{"id":40697,"date":"2025-11-08T19:44:58","date_gmt":"2025-11-08T17:44:58","guid":{"rendered":"https:\/\/molinofelix.com\/?page_id=40697"},"modified":"2025-11-08T20:57:18","modified_gmt":"2025-11-08T18:57:18","slug":"blog-list","status":"publish","type":"page","link":"https:\/\/molinofelix.com\/es\/blog-list\/","title":{"rendered":"Blog List"},"content":{"rendered":"<div data-elementor-type=\"wp-page\" data-elementor-id=\"40697\" class=\"elementor elementor-40697\">\n\t\t\t\t<div class=\"elementor-element elementor-element-974baeb e-flex e-con-boxed e-con e-parent\" data-id=\"974baeb\" data-element_type=\"container\" data-e-type=\"container\">\n\t\t\t\t\t<div class=\"e-con-inner\">\n\t\t\t\t<div class=\"elementor-element elementor-element-a15a44b alternating-blog-list premium-blog-align-left elementor-widget elementor-widget-premium-addon-blog\" data-id=\"a15a44b\" data-element_type=\"widget\" data-e-type=\"widget\" id=\"alternating-blog-list\" data-settings=\"{&quot;filter_flag&quot;:&quot;cat&quot;,&quot;premium_blog_infinite_scroll&quot;:&quot;yes&quot;,&quot;scroll_to_offset&quot;:&quot;yes&quot;}\" data-widget_type=\"premium-addon-blog.default\">\n\t\t\t\t<div class=\"elementor-widget-container\">\n\t\t\t\t\t\n\t\t\t\t\t\t\t<div class=\"premium-blog-filter\">\n\t\t\t<ul class=\"premium-blog-filters-container\">\n\t\t\t\t\t\t\t\t\t<li>\n\t\t\t\t\t\t<a href=\"javascript:;\" class=\"category active\" data-filter=\"*\">\n\t\t\t\t\t\t\tAll\t\t\t\t\t\t<\/a>\n\t\t\t\t\t<\/li>\n\t\t\t\t\t\t\t\t\t\t\t\t\t\t<li>\n\t\t\t\t\t\t\t<a href=\"javascript:;\" class=\"category\" data-filter=\"activities\">\n\t\t\t\t\t\t\t\tActivities\t\t\t\t\t\t\t<\/a>\n\t\t\t\t\t\t<\/li>\n\t\t\t\t\t\t\t\t\t\t<li>\n\t\t\t\t\t\t\t<a href=\"javascript:;\" class=\"category\" data-filter=\"cycling\">\n\t\t\t\t\t\t\t\tCycling\t\t\t\t\t\t\t<\/a>\n\t\t\t\t\t\t<\/li>\n\t\t\t\t\t\t\t\t\t\t<li>\n\t\t\t\t\t\t\t<a href=\"javascript:;\" class=\"category\" data-filter=\"frigiliana\">\n\t\t\t\t\t\t\t\tFrigiliana\t\t\t\t\t\t\t<\/a>\n\t\t\t\t\t\t<\/li>\n\t\t\t\t\t\t\t\t\t\t<li>\n\t\t\t\t\t\t\t<a href=\"javascript:;\" class=\"category\" data-filter=\"gor\">\n\t\t\t\t\t\t\t\tGor\t\t\t\t\t\t\t<\/a>\n\t\t\t\t\t\t<\/li>\n\t\t\t\t\t\t\t\t\t\t<li>\n\t\t\t\t\t\t\t<a href=\"javascript:;\" class=\"category\" data-filter=\"la-herradura\">\n\t\t\t\t\t\t\t\tLa Herradura\t\t\t\t\t\t\t<\/a>\n\t\t\t\t\t\t<\/li>\n\t\t\t\t\t\t\t<\/ul>\n\t\t<\/div>\n\t\t\t\t\n\n\t\t\t\t<div class=\"premium-blog-wrap  premium-blog-list\" data-page=\"40697\">\n\t\t\t\t\t\t\t\t\t<div class=\"premium-blog-post-outer-container frigiliana gor la-herradura\" data-total=\"4\">\n\t\t\t<div class=\"premium-blog-post-container premium-blog-skin-side\">\n\t\t\t\t\t\t\t\t\t<div class=\"premium-blog-thumb-effect-wrapper\">\n\t\t\t\t\t\t<div class=\"premium-blog-thumbnail-container premium-blog-zoomin-effect\">\n\t\t\t\t\t\t\t<img fetchpriority=\"high\" decoding=\"async\" width=\"1748\" height=\"1240\" src=\"https:\/\/molinofelix.com\/wp-content\/uploads\/2025\/11\/Thank-You-Summer-finished-UK.png\" class=\"attachment-full size-full wp-image-40686\" alt=\"Thank you for Staying Summer 2025 has finished\" srcset=\"https:\/\/molinofelix.com\/wp-content\/uploads\/2025\/11\/Thank-You-Summer-finished-UK.png 1748w, https:\/\/molinofelix.com\/wp-content\/uploads\/2025\/11\/Thank-You-Summer-finished-UK-300x213.png 300w, https:\/\/molinofelix.com\/wp-content\/uploads\/2025\/11\/Thank-You-Summer-finished-UK-1024x726.png 1024w, https:\/\/molinofelix.com\/wp-content\/uploads\/2025\/11\/Thank-You-Summer-finished-UK-768x545.png 768w, https:\/\/molinofelix.com\/wp-content\/uploads\/2025\/11\/Thank-You-Summer-finished-UK-1536x1090.png 1536w, https:\/\/molinofelix.com\/wp-content\/uploads\/2025\/11\/Thank-You-Summer-finished-UK-18x12.png 18w\" sizes=\"(max-width: 1748px) 100vw, 1748px\" \/>\t\t\t\t\t\t<\/div>\n\t\t\t\t\t\t\t\t\t\t\t\t\t<div class=\"premium-blog-thumbnail-overlay\">\n\t\t\t\t\t\t\t\t<a class=\"elementor-icon\" href=\"https:\/\/molinofelix.com\/es\/merry-christmas-and-a-happy-new-year-2025\/\" target=\"_self\"><\/a>\n\t\t\t\t\t\t\t<\/div>\n\n\t\t\t\t\t\t\t\t\t\t\t\t\t\t\t\t\t\t<\/div>\n\t\t\t\t\t\t\t\t\t\t\t\t<div class=\"premium-blog-content-wrapper\">\n\n\t\t\t\t\t<div class=\"premium-blog-inner-container\">\n\n\t\t\t\t\t\t\t\t\t\t\t\t\t<div class=\"premium-blog-cats-container\">\n\t\t\t\t\t\t\t\t<ul class=\"post-categories\">\n\t\t\t\t\t\t\t\t\t<li><a href=\"https:\/\/molinofelix.com\/es\/category\/frigiliana\/\" class=\"elementor-repeater-item-145f884\">Frigiliana<\/a><\/li><li><a href=\"https:\/\/molinofelix.com\/es\/category\/gor\/\" class=\"\">Gor<\/a><\/li><li><a href=\"https:\/\/molinofelix.com\/es\/category\/la-herradura\/\" class=\"\">La Herradura<\/a><\/li>\t\t\t\t\t\t\t\t<\/ul>\n\t\t\t\t\t\t\t<\/div>\n\t\t\t\t\t\t\t\t\t\t\t\t\t\t<h2 class=\"premium-blog-entry-title\">\n\t\t\t<a href=\"https:\/\/molinofelix.com\/es\/merry-christmas-and-a-happy-new-year-2025\/\" target=\"_self\">\n\t\t\t\tMerry Christmas and a Happy New Year 2025\t\t\t<\/a>\n\t\t<\/h2>\n\t\t\t\t<div class=\"premium-blog-entry-meta\">\n\t\t\t\n\t\t\t\t\t\t\t<span class=\"premium-blog-meta-separator\">\u2022<\/span>\n\t\t\t\t<div class=\"premium-blog-post-time premium-blog-meta-data\">\n\t\t\t\t\t<i class=\"fa fa-calendar-alt\" aria-hidden=\"true\"><\/i>\n\t\t\t\t\t<span>diciembre 20, 2025<\/span>\n\t\t\t\t<\/div>\n\t\t\t\n\t\t\t\n\t\t\t\t\t<\/div>\n\t\t\n\t\t\t\t\t<\/div>\n\n\t\t\t\t\t\t\t<div class=\"premium-blog-content-inner-wrapper\">\n\t\t<p class=\"premium-blog-post-content\">As the year comes to an end, we\u2019d like to thank everyone who has been part of our journey and shared meaningful moments with us along the way. Your trust, support, and collaboration have made this year truly special for our team. Wishing you and your loved ones a Merry<\/p><div class=\"premium-blog-excerpt-link-wrap\"><a href=\"https:\/\/molinofelix.com\/es\/merry-christmas-and-a-happy-new-year-2025\/\" target=\"_self\" class=\"premium-blog-excerpt-link elementor-button\">Read More \u00bb<\/a><\/div>\t\t<\/div>\n\t\t\t\t\t\t\t\n\t\t\t\t<\/div>\n\t\t\t<\/div>\n\t\t<\/div>\n\n\t\t\t\t<div class=\"premium-blog-post-outer-container frigiliana la-herradura\" data-total=\"4\">\n\t\t\t<div class=\"premium-blog-post-container premium-blog-skin-side\">\n\t\t\t\t\t\t\t\t\t<div class=\"premium-blog-thumb-effect-wrapper\">\n\t\t\t\t\t\t<div class=\"premium-blog-thumbnail-container premium-blog-zoomin-effect\">\n\t\t\t\t\t\t\t<img decoding=\"async\" width=\"1024\" height=\"768\" src=\"https:\/\/molinofelix.com\/wp-content\/uploads\/2025\/06\/marina-del-este.jpeg\" class=\"attachment-full size-full wp-image-40331\" alt=\"\" srcset=\"https:\/\/molinofelix.com\/wp-content\/uploads\/2025\/06\/marina-del-este.jpeg 1024w, https:\/\/molinofelix.com\/wp-content\/uploads\/2025\/06\/marina-del-este-300x225.jpeg 300w, https:\/\/molinofelix.com\/wp-content\/uploads\/2025\/06\/marina-del-este-768x576.jpeg 768w\" sizes=\"(max-width: 1024px) 100vw, 1024px\" \/>\t\t\t\t\t\t<\/div>\n\t\t\t\t\t\t\t\t\t\t\t\t\t<div class=\"premium-blog-thumbnail-overlay\">\n\t\t\t\t\t\t\t\t<a class=\"elementor-icon\" href=\"https:\/\/molinofelix.com\/es\/things-to-do-places-to-see-la-herradura-frigiliana\/\" target=\"_self\"><\/a>\n\t\t\t\t\t\t\t<\/div>\n\n\t\t\t\t\t\t\t\t\t\t\t\t\t\t\t\t\t\t<\/div>\n\t\t\t\t\t\t\t\t\t\t\t\t<div class=\"premium-blog-content-wrapper\">\n\n\t\t\t\t\t<div class=\"premium-blog-inner-container\">\n\n\t\t\t\t\t\t\t\t\t\t\t\t\t<div class=\"premium-blog-cats-container\">\n\t\t\t\t\t\t\t\t<ul class=\"post-categories\">\n\t\t\t\t\t\t\t\t\t<li><a href=\"https:\/\/molinofelix.com\/es\/category\/frigiliana\/\" class=\"elementor-repeater-item-145f884\">Frigiliana<\/a><\/li><li><a href=\"https:\/\/molinofelix.com\/es\/category\/la-herradura\/\" class=\"\">La Herradura<\/a><\/li>\t\t\t\t\t\t\t\t<\/ul>\n\t\t\t\t\t\t\t<\/div>\n\t\t\t\t\t\t\t\t\t\t\t\t\t\t<h2 class=\"premium-blog-entry-title\">\n\t\t\t<a href=\"https:\/\/molinofelix.com\/es\/things-to-do-places-to-see-la-herradura-frigiliana\/\" target=\"_self\">\n\t\t\t\tCosas que hacer y lugares que visitar: La Herradura y Frigiliana\t\t\t<\/a>\n\t\t<\/h2>\n\t\t\t\t<div class=\"premium-blog-entry-meta\">\n\t\t\t\n\t\t\t\t\t\t\t<span class=\"premium-blog-meta-separator\">\u2022<\/span>\n\t\t\t\t<div class=\"premium-blog-post-time premium-blog-meta-data\">\n\t\t\t\t\t<i class=\"fa fa-calendar-alt\" aria-hidden=\"true\"><\/i>\n\t\t\t\t\t<span>noviembre 18, 2025<\/span>\n\t\t\t\t<\/div>\n\t\t\t\n\t\t\t\n\t\t\t\t\t<\/div>\n\t\t\n\t\t\t\t\t<\/div>\n\n\t\t\t\t\t\t\t<div class=\"premium-blog-content-inner-wrapper\">\n\t\t<p class=\"premium-blog-post-content\">You can find more information about things to do in Frigiliana here: https:\/\/www.andalucia.org\/en\/frigiliana-and-its-three-cultures-11-things-to-do-in-the-so-called-most-beautiful-town-in-malaga<\/p><div class=\"premium-blog-excerpt-link-wrap\"><a href=\"https:\/\/molinofelix.com\/es\/things-to-do-places-to-see-la-herradura-frigiliana\/\" target=\"_self\" class=\"premium-blog-excerpt-link elementor-button\">Read More \u00bb<\/a><\/div>\t\t<\/div>\n\t\t\t\t\t\t\t\n\t\t\t\t<\/div>\n\t\t\t<\/div>\n\t\t<\/div>\n\n\t\t\t\t<div class=\"premium-blog-post-outer-container gor\" data-total=\"4\">\n\t\t\t<div class=\"premium-blog-post-container premium-blog-skin-side\">\n\t\t\t\t\t\t\t\t\t<div class=\"premium-blog-thumb-effect-wrapper\">\n\t\t\t\t\t\t<div class=\"premium-blog-thumbnail-container premium-blog-zoomin-effect\">\n\t\t\t\t\t\t\t<img decoding=\"async\" width=\"2560\" height=\"1920\" src=\"https:\/\/molinofelix.com\/wp-content\/uploads\/2025\/10\/molino-felix-lakes-scaled.jpg\" class=\"attachment-full size-full wp-image-40526\" alt=\"Lakes and forests around Gor Granada Spain\" srcset=\"https:\/\/molinofelix.com\/wp-content\/uploads\/2025\/10\/molino-felix-lakes-scaled.jpg 2560w, https:\/\/molinofelix.com\/wp-content\/uploads\/2025\/10\/molino-felix-lakes-300x225.jpg 300w, https:\/\/molinofelix.com\/wp-content\/uploads\/2025\/10\/molino-felix-lakes-1024x768.jpg 1024w, https:\/\/molinofelix.com\/wp-content\/uploads\/2025\/10\/molino-felix-lakes-768x576.jpg 768w, https:\/\/molinofelix.com\/wp-content\/uploads\/2025\/10\/molino-felix-lakes-1536x1152.jpg 1536w, https:\/\/molinofelix.com\/wp-content\/uploads\/2025\/10\/molino-felix-lakes-2048x1536.jpg 2048w, https:\/\/molinofelix.com\/wp-content\/uploads\/2025\/10\/molino-felix-lakes-16x12.jpg 16w\" sizes=\"(max-width: 2560px) 100vw, 2560px\" \/>\t\t\t\t\t\t<\/div>\n\t\t\t\t\t\t\t\t\t\t\t\t\t<div class=\"premium-blog-thumbnail-overlay\">\n\t\t\t\t\t\t\t\t<a class=\"elementor-icon\" href=\"https:\/\/molinofelix.com\/es\/things-to-do-places-to-see-gor\/\" target=\"_self\"><\/a>\n\t\t\t\t\t\t\t<\/div>\n\n\t\t\t\t\t\t\t\t\t\t\t\t\t\t\t\t\t\t<\/div>\n\t\t\t\t\t\t\t\t\t\t\t\t<div class=\"premium-blog-content-wrapper\">\n\n\t\t\t\t\t<div class=\"premium-blog-inner-container\">\n\n\t\t\t\t\t\t\t\t\t\t\t\t\t<div class=\"premium-blog-cats-container\">\n\t\t\t\t\t\t\t\t<ul class=\"post-categories\">\n\t\t\t\t\t\t\t\t\t<li><a href=\"https:\/\/molinofelix.com\/es\/category\/gor\/\" class=\"elementor-repeater-item-145f884\">Gor<\/a><\/li>\t\t\t\t\t\t\t\t<\/ul>\n\t\t\t\t\t\t\t<\/div>\n\t\t\t\t\t\t\t\t\t\t\t\t\t\t<h2 class=\"premium-blog-entry-title\">\n\t\t\t<a href=\"https:\/\/molinofelix.com\/es\/things-to-do-places-to-see-gor\/\" target=\"_self\">\n\t\t\t\tCosas que hacer y lugares que visitar: Gor\t\t\t<\/a>\n\t\t<\/h2>\n\t\t\t\t<div class=\"premium-blog-entry-meta\">\n\t\t\t\n\t\t\t\t\t\t\t<span class=\"premium-blog-meta-separator\">\u2022<\/span>\n\t\t\t\t<div class=\"premium-blog-post-time premium-blog-meta-data\">\n\t\t\t\t\t<i class=\"fa fa-calendar-alt\" aria-hidden=\"true\"><\/i>\n\t\t\t\t\t<span>noviembre 18, 2025<\/span>\n\t\t\t\t<\/div>\n\t\t\t\n\t\t\t\n\t\t\t\t\t<\/div>\n\t\t\n\t\t\t\t\t<\/div>\n\n\t\t\t\t\t\t\t<div class=\"premium-blog-content-inner-wrapper\">\n\t\t<p class=\"premium-blog-post-content\"><\/p><div class=\"premium-blog-excerpt-link-wrap\"><a href=\"https:\/\/molinofelix.com\/es\/things-to-do-places-to-see-gor\/\" target=\"_self\" class=\"premium-blog-excerpt-link elementor-button\">Read More \u00bb<\/a><\/div>\t\t<\/div>\n\t\t\t\t\t\t\t\n\t\t\t\t<\/div>\n\t\t\t<\/div>\n\t\t<\/div>\n\n\t\t\t\t<div class=\"premium-blog-post-outer-container gor\" data-total=\"4\">\n\t\t\t<div class=\"premium-blog-post-container premium-blog-skin-side\">\n\t\t\t\t\t\t\t\t\t<div class=\"premium-blog-thumb-effect-wrapper\">\n\t\t\t\t\t\t<div class=\"premium-blog-thumbnail-container premium-blog-zoomin-effect\">\n\t\t\t\t\t\t\t<img loading=\"lazy\" decoding=\"async\" width=\"1080\" height=\"1350\" src=\"https:\/\/molinofelix.com\/wp-content\/uploads\/2025\/11\/Heated-by-the-Grove-Powered-by-the-Sun.png\" class=\"attachment-full size-full wp-image-40772\" alt=\"Ecofriendly facilities: electric car charger, biomass central heating and solar panels\" srcset=\"https:\/\/molinofelix.com\/wp-content\/uploads\/2025\/11\/Heated-by-the-Grove-Powered-by-the-Sun.png 1080w, https:\/\/molinofelix.com\/wp-content\/uploads\/2025\/11\/Heated-by-the-Grove-Powered-by-the-Sun-240x300.png 240w, https:\/\/molinofelix.com\/wp-content\/uploads\/2025\/11\/Heated-by-the-Grove-Powered-by-the-Sun-819x1024.png 819w, https:\/\/molinofelix.com\/wp-content\/uploads\/2025\/11\/Heated-by-the-Grove-Powered-by-the-Sun-768x960.png 768w, https:\/\/molinofelix.com\/wp-content\/uploads\/2025\/11\/Heated-by-the-Grove-Powered-by-the-Sun-10x12.png 10w\" sizes=\"(max-width: 1080px) 100vw, 1080px\" \/>\t\t\t\t\t\t<\/div>\n\t\t\t\t\t\t\t\t\t\t\t\t\t<div class=\"premium-blog-thumbnail-overlay\">\n\t\t\t\t\t\t\t\t<a class=\"elementor-icon\" href=\"https:\/\/molinofelix.com\/es\/heated-by-the-grove-powered-by-the-sun-ecofriendly-ev-charger\/\" target=\"_self\"><\/a>\n\t\t\t\t\t\t\t<\/div>\n\n\t\t\t\t\t\t\t\t\t\t\t\t\t\t\t\t\t\t<\/div>\n\t\t\t\t\t\t\t\t\t\t\t\t<div class=\"premium-blog-content-wrapper\">\n\n\t\t\t\t\t<div class=\"premium-blog-inner-container\">\n\n\t\t\t\t\t\t\t\t\t\t\t\t\t<div class=\"premium-blog-cats-container\">\n\t\t\t\t\t\t\t\t<ul class=\"post-categories\">\n\t\t\t\t\t\t\t\t\t<li><a href=\"https:\/\/molinofelix.com\/es\/category\/gor\/\" class=\"elementor-repeater-item-145f884\">Gor<\/a><\/li>\t\t\t\t\t\t\t\t<\/ul>\n\t\t\t\t\t\t\t<\/div>\n\t\t\t\t\t\t\t\t\t\t\t\t\t\t<h2 class=\"premium-blog-entry-title\">\n\t\t\t<a href=\"https:\/\/molinofelix.com\/es\/heated-by-the-grove-powered-by-the-sun-ecofriendly-ev-charger\/\" target=\"_self\">\n\t\t\t\tCalentado por Grove, alimentado por el sol: Cargador de veh\u00edculos el\u00e9ctricos ecol\u00f3gico\t\t\t<\/a>\n\t\t<\/h2>\n\t\t\t\t<div class=\"premium-blog-entry-meta\">\n\t\t\t\n\t\t\t\t\t\t\t<span class=\"premium-blog-meta-separator\">\u2022<\/span>\n\t\t\t\t<div class=\"premium-blog-post-time premium-blog-meta-data\">\n\t\t\t\t\t<i class=\"fa fa-calendar-alt\" aria-hidden=\"true\"><\/i>\n\t\t\t\t\t<span>noviembre 13, 2025<\/span>\n\t\t\t\t<\/div>\n\t\t\t\n\t\t\t\n\t\t\t\t\t<\/div>\n\t\t\n\t\t\t\t\t<\/div>\n\n\t\t\t\t\t\t\t<div class=\"premium-blog-content-inner-wrapper\">\n\t\t<p class=\"premium-blog-post-content\">Ecofriendly EV charger solar powered &amp; Biomass Central Heating Heated by the Grove, Powered by the Sun Sustainable Comfort Awaits\u00a0 \u00a0 At Molino F\u00e9lix Alojamiento Rurales, we combine the charm of rural accommodation with a deep commitment to sustainability. We are proud to offer a range of eco-friendly facilities designed<\/p><div class=\"premium-blog-excerpt-link-wrap\"><a href=\"https:\/\/molinofelix.com\/es\/heated-by-the-grove-powered-by-the-sun-ecofriendly-ev-charger\/\" target=\"_self\" class=\"premium-blog-excerpt-link elementor-button\">Read More \u00bb<\/a><\/div>\t\t<\/div>\n\t\t\t\t\t\t\t\n\t\t\t\t<\/div>\n\t\t\t<\/div>\n\t\t<\/div>\n\n\t\t\t\t\t\t\t<\/div>\n\n\t\t\n\t\t\n\t\t\t\t\t\t<\/div>\n\t\t\t\t<\/div>\n\t\t\t\t\t<\/div>\n\t\t\t\t<\/div>\n\t\t\t\t<\/div>","protected":false},"excerpt":{"rendered":"<p>All Activities Cycling Frigiliana Gor La Herradura Frigiliana Gor La Herradura Thankyou for Staying, Summer 2025 has Finished \u2022 November 7, 2025 Thankyou for staying 2025 \u00a0 Gracias por su Estancia Ahora que llegamos al final de nuestra temporada de verano, quer\u00edamos agradecerles por elegir alojarse en uno de nuestros alojamientos rurales de Molino F\u00e9lix, &#8230; <a title=\"Calentado por Grove, alimentado por el sol: Cargador de veh\u00edculos el\u00e9ctricos ecol\u00f3gico\" class=\"read-more\" href=\"https:\/\/molinofelix.com\/es\/heated-by-the-grove-powered-by-the-sun-ecofriendly-ev-charger\/\" aria-label=\"M\u00e1s en Heated by the Grove, Powered by the Sun: Ecofriendly EV charger\">Leer m\u00e1s<\/a><\/p>","protected":false},"author":1,"featured_media":0,"parent":0,"menu_order":0,"comment_status":"closed","ping_status":"closed","template":"elementor_header_footer","meta":{"inline_featured_image":false,"footnotes":""},"class_list":["post-40697","page","type-page","status-publish","hentry"],"featured_image_src":null,"yoast_head":"<!-- This site is optimized with the Yoast SEO plugin v27.6 - https:\/\/yoast.com\/product\/yoast-seo-wordpress\/ -->\n<title>Blog List - Molino Felix Alojamientos Rurales<\/title>\n<meta name=\"robots\" content=\"index, follow, max-snippet:-1, max-image-preview:large, max-video-preview:-1\" \/>\n<link rel=\"canonical\" href=\"https:\/\/molinofelix.com\/es\/blog-list\/\" \/>\n<meta property=\"og:locale\" content=\"es_ES\" \/>\n<meta property=\"og:type\" content=\"article\" \/>\n<meta property=\"og:title\" content=\"Blog List - Molino Felix Alojamientos Rurales\" \/>\n<meta property=\"og:description\" content=\"All Activities Cycling Frigiliana Gor La Herradura Frigiliana Gor La Herradura Thankyou for Staying, Summer 2025 has Finished \u2022 November 7, 2025 Thankyou for staying 2025 \u00a0 Gracias por su Estancia Ahora que llegamos al final de nuestra temporada de verano, quer\u00edamos agradecerles por elegir alojarse en uno de nuestros alojamientos rurales de Molino F\u00e9lix, ... Leer m\u00e1s\" \/>\n<meta property=\"og:url\" content=\"https:\/\/molinofelix.com\/es\/blog-list\/\" \/>\n<meta property=\"og:site_name\" content=\"Molino Felix Alojamientos Rurales\" \/>\n<meta property=\"article:modified_time\" content=\"2025-11-08T18:57:18+00:00\" \/>\n<meta property=\"og:image\" content=\"https:\/\/molinofelix.com\/wp-content\/uploads\/2025\/11\/Thank-You-Summer-finished-UK.png\" \/>\n\t<meta property=\"og:image:width\" content=\"1748\" \/>\n\t<meta property=\"og:image:height\" content=\"1240\" \/>\n\t<meta property=\"og:image:type\" content=\"image\/png\" \/>\n<meta name=\"twitter:card\" content=\"summary_large_image\" \/>\n<meta name=\"twitter:label1\" content=\"Tiempo de lectura\" \/>\n\t<meta name=\"twitter:data1\" content=\"5 minutos\" \/>\n<script type=\"application\/ld+json\" class=\"yoast-schema-graph\">{\"@context\":\"https:\\\/\\\/schema.org\",\"@graph\":[{\"@type\":\"WebPage\",\"@id\":\"https:\\\/\\\/molinofelix.com\\\/blog-list\\\/\",\"url\":\"https:\\\/\\\/molinofelix.com\\\/blog-list\\\/\",\"name\":\"Blog List - Molino Felix Alojamientos Rurales\",\"isPartOf\":{\"@id\":\"https:\\\/\\\/molinofelix.com\\\/#website\"},\"primaryImageOfPage\":{\"@id\":\"https:\\\/\\\/molinofelix.com\\\/blog-list\\\/#primaryimage\"},\"image\":{\"@id\":\"https:\\\/\\\/molinofelix.com\\\/blog-list\\\/#primaryimage\"},\"thumbnailUrl\":\"https:\\\/\\\/molinofelix.com\\\/wp-content\\\/uploads\\\/2025\\\/11\\\/Thank-You-Summer-finished-UK.png\",\"datePublished\":\"2025-11-08T17:44:58+00:00\",\"dateModified\":\"2025-11-08T18:57:18+00:00\",\"breadcrumb\":{\"@id\":\"https:\\\/\\\/molinofelix.com\\\/blog-list\\\/#breadcrumb\"},\"inLanguage\":\"es\",\"potentialAction\":[{\"@type\":\"ReadAction\",\"target\":[\"https:\\\/\\\/molinofelix.com\\\/blog-list\\\/\"]}]},{\"@type\":\"ImageObject\",\"inLanguage\":\"es\",\"@id\":\"https:\\\/\\\/molinofelix.com\\\/blog-list\\\/#primaryimage\",\"url\":\"https:\\\/\\\/molinofelix.com\\\/wp-content\\\/uploads\\\/2025\\\/11\\\/Thank-You-Summer-finished-UK.png\",\"contentUrl\":\"https:\\\/\\\/molinofelix.com\\\/wp-content\\\/uploads\\\/2025\\\/11\\\/Thank-You-Summer-finished-UK.png\"},{\"@type\":\"BreadcrumbList\",\"@id\":\"https:\\\/\\\/molinofelix.com\\\/blog-list\\\/#breadcrumb\",\"itemListElement\":[{\"@type\":\"ListItem\",\"position\":1,\"name\":\"Home\",\"item\":\"https:\\\/\\\/molinofelix.com\\\/\"},{\"@type\":\"ListItem\",\"position\":2,\"name\":\"Blog List\"}]},{\"@type\":\"WebSite\",\"@id\":\"https:\\\/\\\/molinofelix.com\\\/#website\",\"url\":\"https:\\\/\\\/molinofelix.com\\\/\",\"name\":\"Molino Felix Alojamientos Rurales\",\"description\":\"\",\"potentialAction\":[{\"@type\":\"SearchAction\",\"target\":{\"@type\":\"EntryPoint\",\"urlTemplate\":\"https:\\\/\\\/molinofelix.com\\\/?s={search_term_string}\"},\"query-input\":{\"@type\":\"PropertyValueSpecification\",\"valueRequired\":true,\"valueName\":\"search_term_string\"}}],\"inLanguage\":\"es\"}]}<\/script>\n<!-- \/ Yoast SEO plugin. -->","yoast_head_json":{"title":"Blog List - Molino Felix Alojamientos Rurales","robots":{"index":"index","follow":"follow","max-snippet":"max-snippet:-1","max-image-preview":"max-image-preview:large","max-video-preview":"max-video-preview:-1"},"canonical":"https:\/\/molinofelix.com\/es\/blog-list\/","og_locale":"es_ES","og_type":"article","og_title":"Blog List - Molino Felix Alojamientos Rurales","og_description":"All Activities Cycling Frigiliana Gor La Herradura Frigiliana Gor La Herradura Thankyou for Staying, Summer 2025 has Finished \u2022 November 7, 2025 Thankyou for staying 2025 \u00a0 Gracias por su Estancia Ahora que llegamos al final de nuestra temporada de verano, quer\u00edamos agradecerles por elegir alojarse en uno de nuestros alojamientos rurales de Molino F\u00e9lix, ... Leer m\u00e1s","og_url":"https:\/\/molinofelix.com\/es\/blog-list\/","og_site_name":"Molino Felix Alojamientos Rurales","article_modified_time":"2025-11-08T18:57:18+00:00","og_image":[{"width":1748,"height":1240,"url":"https:\/\/molinofelix.com\/wp-content\/uploads\/2025\/11\/Thank-You-Summer-finished-UK.png","type":"image\/png"}],"twitter_card":"summary_large_image","twitter_misc":{"Tiempo de lectura":"5 minutos"},"schema":{"@context":"https:\/\/schema.org","@graph":[{"@type":"WebPage","@id":"https:\/\/molinofelix.com\/blog-list\/","url":"https:\/\/molinofelix.com\/blog-list\/","name":"Blog List - Molino Felix Alojamientos Rurales","isPartOf":{"@id":"https:\/\/molinofelix.com\/#website"},"primaryImageOfPage":{"@id":"https:\/\/molinofelix.com\/blog-list\/#primaryimage"},"image":{"@id":"https:\/\/molinofelix.com\/blog-list\/#primaryimage"},"thumbnailUrl":"https:\/\/molinofelix.com\/wp-content\/uploads\/2025\/11\/Thank-You-Summer-finished-UK.png","datePublished":"2025-11-08T17:44:58+00:00","dateModified":"2025-11-08T18:57:18+00:00","breadcrumb":{"@id":"https:\/\/molinofelix.com\/blog-list\/#breadcrumb"},"inLanguage":"es","potentialAction":[{"@type":"ReadAction","target":["https:\/\/molinofelix.com\/blog-list\/"]}]},{"@type":"ImageObject","inLanguage":"es","@id":"https:\/\/molinofelix.com\/blog-list\/#primaryimage","url":"https:\/\/molinofelix.com\/wp-content\/uploads\/2025\/11\/Thank-You-Summer-finished-UK.png","contentUrl":"https:\/\/molinofelix.com\/wp-content\/uploads\/2025\/11\/Thank-You-Summer-finished-UK.png"},{"@type":"BreadcrumbList","@id":"https:\/\/molinofelix.com\/blog-list\/#breadcrumb","itemListElement":[{"@type":"ListItem","position":1,"name":"Home","item":"https:\/\/molinofelix.com\/"},{"@type":"ListItem","position":2,"name":"Blog List"}]},{"@type":"WebSite","@id":"https:\/\/molinofelix.com\/#website","url":"https:\/\/molinofelix.com\/","name":"Molino Felix Alojamientos Rurales","description":"","potentialAction":[{"@type":"SearchAction","target":{"@type":"EntryPoint","urlTemplate":"https:\/\/molinofelix.com\/?s={search_term_string}"},"query-input":{"@type":"PropertyValueSpecification","valueRequired":true,"valueName":"search_term_string"}}],"inLanguage":"es"}]}},"_links":{"self":[{"href":"https:\/\/molinofelix.com\/es\/wp-json\/wp\/v2\/pages\/40697","targetHints":{"allow":["GET"]}}],"collection":[{"href":"https:\/\/molinofelix.com\/es\/wp-json\/wp\/v2\/pages"}],"about":[{"href":"https:\/\/molinofelix.com\/es\/wp-json\/wp\/v2\/types\/page"}],"author":[{"embeddable":true,"href":"https:\/\/molinofelix.com\/es\/wp-json\/wp\/v2\/users\/1"}],"replies":[{"embeddable":true,"href":"https:\/\/molinofelix.com\/es\/wp-json\/wp\/v2\/comments?post=40697"}],"version-history":[{"count":18,"href":"https:\/\/molinofelix.com\/es\/wp-json\/wp\/v2\/pages\/40697\/revisions"}],"predecessor-version":[{"id":40718,"href":"https:\/\/molinofelix.com\/es\/wp-json\/wp\/v2\/pages\/40697\/revisions\/40718"}],"wp:attachment":[{"href":"https:\/\/molinofelix.com\/es\/wp-json\/wp\/v2\/media?parent=40697"}],"curies":[{"name":"wp","href":"https:\/\/api.w.org\/{rel}","templated":true}]}}